{"id":166,"date":"2019-07-09T18:09:28","date_gmt":"2019-07-09T16:09:28","guid":{"rendered":"https:\/\/compliancebonatti.com\/compliance\/?page_id=166"},"modified":"2021-11-29T10:14:04","modified_gmt":"2021-11-29T09:14:04","slug":"aviso-legal","status":"publish","type":"page","link":"https:\/\/compliancebonatti.com\/compliance\/aviso-legal\/","title":{"rendered":"Aviso legal"},"content":{"rendered":"\t<section class=\"section\" id=\"section_1369418706\">\n\t\t<div class=\"bg section-bg fill bg-fill  bg-loaded\" >\n\n\t\t\t\n\t\t\t\n\t\t\t\n\n\t\t<\/div>\n\n\t\t\n\n\t\t<div class=\"section-content relative\">\n\t\t\t\n<div class=\"row row-collapse\"  id=\"row-346964873\">\n\n\t<div id=\"col-858037045\" class=\"col small-12 large-12\"  >\n\t\t\t\t<div class=\"col-inner\"  >\n\t\t\t\n\t\t\t\n<h1 data-text-color=\"secondary\">Aviso legal<\/h1>\n\t\t<\/div>\n\t\t\t\t\t<\/div>\n\n\t\n<\/div>\n\t\t<\/div>\n\n\t\t\n<style>\n#section_1369418706 {\n  padding-top: 30px;\n  padding-bottom: 30px;\n  background-color: #a12742;\n}\n<\/style>\n\t<\/section>\n\t\n<div class=\"row\"  id=\"row-1377594262\">\n\n\t<div id=\"col-668635563\" class=\"col small-12 large-12\"  >\n\t\t\t\t<div class=\"col-inner\"  >\n\t\t\t\n\t\t\t\n<p>En cumplimiento con el deber de informaci\u00f3n recogido en art\u00edculo 10 de la <a href=\"https:\/\/www.boe.es\/buscar\/act.php?id=BOE-A-2002-13758\">Ley 34\/2002,<\/a> de 11 de Julio, de Servicios de la Sociedad de la Informaci\u00f3n y del Comercio Electr\u00f3nico, le informamos que el Sitio Web y el portal de Internet <a href=\"https:\/\/compliancebonatti.com\">https:\/\/compliancebonatti.com<\/a> (en adelante, el \u00abWeb\u00bb) es titularidad de BONATTI COMPLIANCE SLP, con domicilio social en Travessera de Gr\u00e1cia, 18 Sobre \u00c1tico 1\u00aa &#8211; 08021 Barcelona, con CIF n\u00ba B66759168, Correo electr\u00f3nico: <a href=\"mailto:srichart@compliancebonatti.com\">srichart@compliancebonatti.com<\/a> tel\u00e9fono: +34 637 739 609<\/p>\n<p>El presente aviso legal regula las condiciones de uso del citado portal de Internet que BONATTI COMPLIANCE SLP<\/p>\n<p><strong>Ley aplicable y jurisdicci\u00f3n<\/strong><\/p>\n<p>Con car\u00e1cter general las relaciones entre BONATTI COMPLIANCE SLP y los usuarios de sus servicios telem\u00e1ticos, presentes en la web, se encuentran sometidas a la legislaci\u00f3n y jurisdicci\u00f3n espa\u00f1olas.<\/p>\n<p>Las partes renuncian expresamente al fuero que les pudiera corresponder y someten expresamente a los Juzgados y Tribunales de Barcelona para resolver cualquier controversia que pueda surgir en la interpretaci\u00f3n o ejecuci\u00f3n de las presentes condiciones contractuales.<\/p>\n<p><strong>Aceptaci\u00f3n del usuario<\/strong><\/p>\n<p>Este Aviso Legal regula el acceso y utilizaci\u00f3n de la p\u00e1gina web que BONATTI COMPLIANCE SLP pone a la disposici\u00f3n de los usuarios de Internet. Se considera usuario la persona que acceda, navegue, utilice o participe en los servicios y actividades de la p\u00e1gina web.<\/p>\n<p>El usuario queda informado, y acepta, que el acceso a la presente web no supone, en modo alguno, el inicio de una relaci\u00f3n comercial con BONATTI COMPLIANCE SLP<\/p>\n<p>El acceso y navegaci\u00f3n en el sitio web por parte del usuario supone la aceptaci\u00f3n de la totalidad de las presentes Condiciones de Uso. En caso de desacuerdo con las condiciones debe abstenerse a usar el sitio web.<\/p>\n<p>Este sitio web es meramente informativo y tienen por objeto promocionar los servicios y actividades de BONATTI COMPLIANCE SLP, sin que la informaci\u00f3n contenida en ella constituya una oferta vinculante<\/p>\n<p><strong>Acceso a la web<\/strong><\/p>\n<p>El acceso a la p\u00e1gina web por parte de los usuarios es de car\u00e1cter libre y gratuito. Algunos servicios pueden encontrarse sujetos a contrataci\u00f3n previa del servicio.<\/p>\n<p>En caso de ser necesario que el usuario aporte datos personales para acceder a alguno de los servicios, la recogida y el tratamiento de los datos se realizar\u00e1 de conformidad con la normativa vigente, en concreto con el RGPD. Para m\u00e1s informaci\u00f3n, consulte nuestra <a href=\"https:\/\/compliancebonatti.com\/compliance\/politica-de-privacidad\/\">pol\u00edtica de privacidad<\/a><\/p>\n<p><strong>Contenido y uso<\/strong><\/p>\n<p>La visita al sitio web por parte del usuario deber\u00e1 hacerse de forma responsable y de conformidad a la legalidad vigente, la buena fe, el presente Aviso Legal y respetando los derechos de propiedad intelectual e industrial de titularidad de BONATTI COMPLIANCE SLP \u00a0o cualquier otras personas f\u00edsicas o jur\u00eddicas.<\/p>\n<p>El uso de cualquiera de los contenidos del sitio web con finalidades que sean o pudieran ser il\u00edcitas queda totalmente prohibido, as\u00ed como la realizaci\u00f3n de cualquier acci\u00f3n que cause o pueda causar da\u00f1os o alteraciones de cualquier tipo no consentidas por BONATTI COMPLIANCE SLP, al sitio web o a sus contenidos.<\/p>\n<p>El titular del web no se identifica con las opiniones vertidas en el mismo por sus colaboradores. BONATTI COMPLIANCE SLP se reserva el derecho de efectuar sin previo aviso las modificaciones que considere oportunas en su Web, pudiendo cambiar, suprimir o a\u00f1adir tanto los contenidos y servicios que se presten a trav\u00e9s de la misma como la forma en la que \u00e9stos aparezcan presentados o localizados en sus servidores.<\/p>\n<p>Los usuarios ser\u00e1n los \u00fanicos responsables de la exactitud de todos los datos que comunique a trav\u00e9s de la web, sus microsites o redes sociales asociadas<\/p>\n<p><strong>Propiedad intelectual e industrial<\/strong><\/p>\n<p>El contenido disponible en la web, referido a textos e im\u00e1genes est\u00e1n protegido por las leyes de Propiedad Intelectual.<\/p>\n<p>Los derechos de propiedad intelectual del contenido de las p\u00e1ginas web, su dise\u00f1o gr\u00e1fico y c\u00f3digos son titularidad de BONATTI COMPLIANCE SLP y, por tanto, queda prohibida su reproducci\u00f3n, distribuci\u00f3n, comunicaci\u00f3n p\u00fablica, transformaci\u00f3n o cualquier otra actividad que se realice con los contenidos de la p\u00e1gina web, ni siquiera aunque se citen las fuentes, salvo que se cuente con el consentimiento previo, expreso y por escrito de BONATTI COMPLIANCE SLP. Todos los nombres comerciales, marcas o signos distintos de cualquier clase contenidos en las p\u00e1ginas web de la empresa son propiedad de sus due\u00f1os y est\u00e1n protegidos por ley.<\/p>\n<p>BONATTI COMPLIANCE SLP no concede ninguna licencia o autorizaci\u00f3n de uso de ninguna clase sobre sus derechos de propiedad intelectual e industrial o sobre cualquier otra propiedad o derecho relacionado con el sitio web, y en ning\u00fan caso se entender\u00e1 que el acceso y navegaci\u00f3n de los usuarios implica una renuncia, transmisi\u00f3n, licencia o cesi\u00f3n total ni parcial de dichos derechos por parte de BONATTI COMPLIANCE SLP<\/p>\n<p>Cualquier uso de esos contenidos no autorizado previamente por parte de BONATTI COMPLIANCE SLP ser\u00e1 considerado un incumplimiento grave de los derechos de propiedad intelectual o industrial y dar\u00e1 lugar a las responsabilidades legalmente establecidas. BONATTI COMPLIANCE SLP se reserva el derecho de ejercitar frente al usuario las acciones judiciales y extrajudiciales que correspondan<\/p>\n<p><strong>Otras Obligaciones y Prohibiciones respecto Propiedad intelectual <\/strong><\/p>\n<p>BONATTI COMPLIANCE prohibe el uso contrario a la legislaci\u00f3n sobre propiedad intelectual de los servicios prestados, y en particular:<\/p>\n<ul>\n<li>La utilizaci\u00f3n que resulte contraria a las leyes espa\u00f1olas o que infrinja los derechos de terceros.<\/li>\n<li>La publicaci\u00f3n o la transmisi\u00f3n de cualquier contenido que, a juicio de BONATTI COMPLIANCE S.L.P resulte violento, obsceno, abusivo, ilegal, racial, xen\u00f3fobo o difamatorio.<\/li>\n<li>Los cracks, n\u00fameros de serie de programas o cualquier otro contenido que vulnere derechos de la propiedad intelectual de terceros.<\/li>\n<li>La recogida y\/o utilizaci\u00f3n de datos personales de otros usuarios sin su consentimiento expreso o contraviniendo lo dispuesto en Reglamento (UE) 2016\/679 del Parlamento Europeo y del Consejo, de 27 de abril de 2016 relativoa la protecci\u00f3n de las personas f\u00edsicas en lo que respecta al tratamiento de datos personales y a la librecirculaci\u00f3n de los mismos, o LOPDGDD 3\/2018.<\/li>\n<li>La utilizaci\u00f3n del servidor de correo del dominio y de las direcciones de correo electr\u00f3nico para el env\u00edo de correo masivo no deseado.<\/li>\n<li>En su caso, y en cuanto pueda afectar a BONATTI COMPLIANCE, sus servicios y, en concreto, su alojamiento web, el usuario tiene toda la responsabilidad sobre el contenido de su web, la informaci\u00f3n transmitida y almacenada, los enlaces de hipertexto, las reivindicaciones de terceros y las acciones legales en referencia a propiedad intelectual, derechos de terceros y protecci\u00f3n de menores.<\/li>\n<li>El usuario es responsable respecto a las leyes y reglamentos en vigor y las reglas que tienen que ver con el funcionamiento de cualquier servicio online, comercio electr\u00f3nico, derechos de autor, mantenimiento del orden p\u00fablico, as\u00ed como principios universales de uso de Internet.<\/li>\n<\/ul>\n<p>Propiedad intelectual del software<\/p>\n<p>El usuario debe respetar los programas de terceros puestos a su disposici\u00f3n por BONATTI COMPLIANCE SLP aun siendo gratuitos y\/o de disposici\u00f3n p\u00fablica.<\/p>\n<p>BONATTI COMPLIANCE SLP dispone de los derechos de uso o explotaci\u00f3n y propiedad intelectual necesarios del software.<\/p>\n<p>El usuario no adquiere derecho alguno o licencia por el servicio contratado, sobre el software necesario para la prestaci\u00f3n del servicio, ni tampoco sobre la informaci\u00f3n t\u00e9cnica de seguimiento del servicio, excepci\u00f3n hecha de los derechos y licencias necesarios para el cumplimiento de los servicios contratados y \u00fanicamente durante la duraci\u00f3n de los mismos<\/p>\n<p><strong>Responsabilidad y garant\u00edas <\/strong><\/p>\n<p>BONATTI COMPLIANCE SLP declara que ha adoptado las medidas necesarias que, dentro de sus posibilidades y el estado de la tecnolog\u00eda, permitan el correcto funcionamiento de su sitio web as\u00ed como la ausencia de virus y componentes da\u00f1inos. Sin embargo BONATTI COMPLIANCE SLP no puede hacerse responsable de las siguientes situaciones que se enumeran a t\u00edtulo enunciativo, pero no limitativo:<\/p>\n<ul>\n<li>La continuidad y disponibilidad de los Contenidos.<\/li>\n<li>La ausencia de errores en dichos Contenidos ni la correcci\u00f3n de cualquier defecto que pudiera ocurrir.<\/li>\n<li>La ausencia de virus y\/o dem\u00e1s componentes da\u00f1inos.<\/li>\n<li>Los da\u00f1os o perjuicios que cause cualquier persona que vulnere los sistemas de seguridad de BONATTI COMPLIANCE SLP<\/li>\n<li>El uso o destino que den los usuarios a la informaci\u00f3n proporcionada a trav\u00e9s de este sitio web o de cualquiera de sus servicios, ni de los comentarios y opiniones que se difundan por los usuarios de las redes sociales en las que BONATTI COMPLIANCE SLP cuente con perfil.<\/li>\n<\/ul>\n<p>En consecuencia, BONATTI COMPLIANCE SLP no garantiza que el uso que los usuarios puedan hacer de los contenidos que en su caso se incluyan en el sitio web o RRSS se ajusten al presente aviso legal, ni que dicho uso se realice de forma diligente.<\/p>\n<p>BONATTI COMPLIANCE SLP no puede asumir ninguna responsabilidad derivada del uso incorrecto, inapropiado o il\u00edcito de la informaci\u00f3n aparecida en su p\u00e1gina web<\/p>\n<ul>\n<li>Con los l\u00edmites establecidos en la ley, BONATTI COMPLIANCE SLP no asume ninguna responsabilidad derivada de la falta de veracidad, integridad, actualizaci\u00f3n y precisi\u00f3n de los datos o informaciones que se contienen en su p\u00e1gina de Internet.<\/li>\n<li>El uso por menores de edad del sitio web o del env\u00edo de sus datos personales sin el permiso de sus tutores, siendo los tutores responsables del uso que hagan de Internet.<\/li>\n<li>Los contenidos a los que el usuario pueda acceder a trav\u00e9s de enlaces no autorizados o introducidos por usuarios mediante comentarios o herramientas similares.<\/li>\n<li>La introducci\u00f3n de datos err\u00f3neos por parte del usuario o de un tercero.<\/li>\n<li>Tampoco ser\u00e1 responsable, ni directa, ni indirectamente, de los da\u00f1os y perjuicios de cualquier naturaleza debidos a la utilizaci\u00f3n de la informaci\u00f3n contenida en el sitio web, as\u00ed como de la falta de veracidad o exactitud de su contenido<\/li>\n<\/ul>\n<p>Los contenidos e informaci\u00f3n no vinculan a BONATTI COMPLIANCE SLP ni constituyen opiniones, consejos o asesoramiento legal de ning\u00fan tipo pues se trata meramente de un servicio ofrecido con car\u00e1cter informativo y divulgativo.<\/p>\n<p>BONATTI COMPLIANCE SLP podr\u00e1 suspender temporalmente y sin previo aviso, la accesibilidad al sitio web con motivo de operaciones de mantenimiento, reparaci\u00f3n, actualizaci\u00f3n o mejora. No obstante, siempre que las circunstancias lo permitan, BONATTI COMPLIANCE SLP comunicar\u00e1 al usuario, con antelaci\u00f3n suficiente, la fecha prevista para la suspensi\u00f3n de los contenidos.<\/p>\n<p>En este contexto, BONATTI COMPLIANCE SLP declina cualquier responsabilidad por los posibles da\u00f1os y perjuicios de toda naturaleza que puedan deberse a la falta de disponibilidad o de continuidad del funcionamiento del sitio web y de los servicios ofrecidos a trav\u00e9s del mismo.<\/p>\n<p>Asimismo, de conformidad con los arts. 11 y 16 de la Ley 34\/2002, de 11 de julio, de servicios de la sociedad de la informaci\u00f3n y de comercio electr\u00f3nico (LSSICE), BONATTI COMPLIANCE SLP se compromete a la eliminaci\u00f3n o, en su caso, bloqueo de los contenidos que pudieran afectar o ser contrarios a la legislaci\u00f3n vigente, los derechos de terceros o la moral y orden p\u00fablico.<\/p>\n<p><strong>Enlaces (links)<\/strong><\/p>\n<p>La presencia de enlaces (links) en la p\u00e1gina web de BONATTI COMPLIANCE SLP hacia otros sitios de Internet tiene finalidad meramente informativa y en ning\u00fan caso suponen sugerencia, invitaci\u00f3n o recomendaci\u00f3n sobre los mismos. BONATTI COMPLIANCE SLP no asumir\u00e1 responsabilidad por los contenidos de un enlace perteneciente a un sitio web ajeno, ni garantizar\u00e1 la fiabilidad, exactitud, amplitud, veracidad, validez y disponibilidad t\u00e9cnica.<\/p>\n<p>En el caso de que en otros sitios web se establezcan enlaces a la p\u00e1gina web de BONATTI COMPLIANCE SLP, no se entender\u00e1 que BONATTI COMPLIANCE SLP ha autorizado el enlace o el contenido del sitio web en el que se contiene el enlace, tampoco podr\u00e1 incluirse en la p\u00e1gina del enlace contenidos inapropiados, difamatorios, ilegales, obscenos o il\u00edcitos, ni otros contenidos que sean contrarios a la legalidad vigente. Est\u00e1 prohibida la realizaci\u00f3n de cualquier tipo de pr\u00e1cticas que induzcan a error sobre el origen de los contenidos. En cualquier caso, dichos enlaces no implicar\u00e1n relaci\u00f3n alguna o colaboraci\u00f3n con entidad la enlazada salvo indicaci\u00f3n expresa en contrario.<\/p>\n<p>BONATTI COMPLIANCE SLP se reserva la posibilidad de contactar con el propietario del sitio web en el que se establezca el enlace si considera que se incumple la normativa, as\u00ed como de ejercitar las correspondientes acciones judiciales y extrajudiciales.<\/p>\n<p><strong>Cookies<\/strong><\/p>\n<p>BONATTI COMPLIANCE SLP utiliza cookies, a los efectos de optimizar y personalizar su navegaci\u00f3n por el sitio web. Las cookies son ficheros f\u00edsicos de informaci\u00f3n que se alojan en el propio terminal del usuario, la informaci\u00f3n recogida mediante las cookies sirve para facilitar la navegaci\u00f3n del usuario por el portal y optimizar la experiencia de navegaci\u00f3n. Los datos recopilados mediante las cookies pueden ser compartidos con los creadores de las mismas, pero en ning\u00fan caso la informaci\u00f3n obtenida por las mismas ser\u00e1 asociada a datos personales ni a datos que puedan identificar al usuario.<\/p>\n<p>Sin embargo, si el usuario no desea que se instalen cookies en su disco duro, tiene la posibilidad de configurar el navegador de tal modo que impida la instalaci\u00f3n de estos archivos. Para obtener m\u00e1s informaci\u00f3n consulte nuestra Pol\u00edtica de Cookies<\/p>\n<p><strong>Modificaci\u00f3n de condiciones<\/strong><\/p>\n<p>BONATTI COMPLIANCE SLP se reserva expresamente el derecho a modificar unilateralmente, total o parcialmente, sin necesidad de previo aviso, el presente Aviso Legal. El usuario reconoce y acepta que es su responsabilidad revisar peri\u00f3dicamente el presente Aviso Legal.<\/p>\n\t\t<\/div>\n\t\t\t\t\t<\/div>\n\n\t\n<\/div>\n","protected":false},"excerpt":{"rendered":"","protected":false},"author":1,"featured_media":0,"parent":0,"menu_order":0,"comment_status":"closed","ping_status":"closed","template":"page-blank.php","meta":{"_acf_changed":false,"footnotes":""},"class_list":["post-166","page","type-page","status-publish","hentry"],"acf":[],"yoast_head":"<!-- This site is optimized with the Yoast SEO plugin v23.4 - https:\/\/yoast.com\/wordpress\/plugins\/seo\/ -->\n<title>Aviso legal - Bonatti Compliance<\/title>\n<meta name=\"description\" content=\"En cumplimiento con el deber de informaci\u00f3n recogido en art\u00edculo 10 de la Ley 34\/2002, de 11 de Julio, de Servicios de la Sociedad de la Informaci\u00f3n\" \/>\n<meta name=\"robots\" content=\"noindex, nofollow\" \/>\n<meta property=\"og:locale\" content=\"es_ES\" \/>\n<meta property=\"og:type\" content=\"article\" \/>\n<meta property=\"og:title\" content=\"Aviso legal - Bonatti Compliance\" \/>\n<meta property=\"og:description\" content=\"En cumplimiento con el deber de informaci\u00f3n recogido en art\u00edculo 10 de la Ley 34\/2002, de 11 de Julio, de Servicios de la Sociedad de la Informaci\u00f3n\" \/>\n<meta property=\"og:url\" content=\"https:\/\/compliancebonatti.com\/compliance\/aviso-legal\/\" \/>\n<meta property=\"og:site_name\" content=\"Bonatti Compliance\" \/>\n<meta property=\"article:publisher\" content=\"https:\/\/www.facebook.com\/Bonatti-Compliance-106175060726551\/\" \/>\n<meta property=\"article:modified_time\" content=\"2021-11-29T09:14:04+00:00\" \/>\n<meta name=\"twitter:card\" content=\"summary_large_image\" \/>\n<meta name=\"twitter:site\" content=\"@BonattiComply\" \/>\n<meta name=\"twitter:label1\" content=\"Tiempo de lectura\" \/>\n\t<meta name=\"twitter:data1\" content=\"12 minutos\" \/>\n<script type=\"application\/ld+json\" class=\"yoast-schema-graph\">{\"@context\":\"https:\/\/schema.org\",\"@graph\":[{\"@type\":\"WebPage\",\"@id\":\"https:\/\/compliancebonatti.com\/compliance\/aviso-legal\/\",\"url\":\"https:\/\/compliancebonatti.com\/compliance\/aviso-legal\/\",\"name\":\"Aviso legal - Bonatti Compliance\",\"isPartOf\":{\"@id\":\"https:\/\/compliancebonatti.com\/compliance\/#website\"},\"datePublished\":\"2019-07-09T16:09:28+00:00\",\"dateModified\":\"2021-11-29T09:14:04+00:00\",\"description\":\"En cumplimiento con el deber de informaci\u00f3n recogido en art\u00edculo 10 de la Ley 34\/2002, de 11 de Julio, de Servicios de la Sociedad de la Informaci\u00f3n\",\"breadcrumb\":{\"@id\":\"https:\/\/compliancebonatti.com\/compliance\/aviso-legal\/#breadcrumb\"},\"inLanguage\":\"es\",\"potentialAction\":[{\"@type\":\"ReadAction\",\"target\":[\"https:\/\/compliancebonatti.com\/compliance\/aviso-legal\/\"]}]},{\"@type\":\"BreadcrumbList\",\"@id\":\"https:\/\/compliancebonatti.com\/compliance\/aviso-legal\/#breadcrumb\",\"itemListElement\":[{\"@type\":\"ListItem\",\"position\":1,\"name\":\"Portada\",\"item\":\"https:\/\/compliancebonatti.com\/compliance\/\"},{\"@type\":\"ListItem\",\"position\":2,\"name\":\"Aviso legal\"}]},{\"@type\":\"WebSite\",\"@id\":\"https:\/\/compliancebonatti.com\/compliance\/#website\",\"url\":\"https:\/\/compliancebonatti.com\/compliance\/\",\"name\":\"Bonatti Compliance\",\"description\":\"Consultor\u00eda Compliance para empresas\",\"publisher\":{\"@id\":\"https:\/\/compliancebonatti.com\/compliance\/#organization\"},\"potentialAction\":[{\"@type\":\"SearchAction\",\"target\":{\"@type\":\"EntryPoint\",\"urlTemplate\":\"https:\/\/compliancebonatti.com\/compliance\/?s={search_term_string}\"},\"query-input\":{\"@type\":\"PropertyValueSpecification\",\"valueRequired\":true,\"valueName\":\"search_term_string\"}}],\"inLanguage\":\"es\"},{\"@type\":\"Organization\",\"@id\":\"https:\/\/compliancebonatti.com\/compliance\/#organization\",\"name\":\"Bonatti Compliance SLP\",\"url\":\"https:\/\/compliancebonatti.com\/compliance\/\",\"logo\":{\"@type\":\"ImageObject\",\"inLanguage\":\"es\",\"@id\":\"https:\/\/compliancebonatti.com\/compliance\/#\/schema\/logo\/image\/\",\"url\":\"https:\/\/compliancebonatti.com\/compliance\/wp-content\/uploads\/2019\/06\/bonatti-compliance-logo-1.png\",\"contentUrl\":\"https:\/\/compliancebonatti.com\/compliance\/wp-content\/uploads\/2019\/06\/bonatti-compliance-logo-1.png\",\"width\":600,\"height\":40,\"caption\":\"Bonatti Compliance SLP\"},\"image\":{\"@id\":\"https:\/\/compliancebonatti.com\/compliance\/#\/schema\/logo\/image\/\"},\"sameAs\":[\"https:\/\/www.facebook.com\/Bonatti-Compliance-106175060726551\/\",\"https:\/\/x.com\/BonattiComply\",\"https:\/\/www.instagram.com\/bonatticompliance\/\",\"https:\/\/www.linkedin.com\/company\/bonatti-compliance\/about\/\"]}]}<\/script>\n<!-- \/ Yoast SEO plugin. -->","yoast_head_json":{"title":"Aviso legal - Bonatti Compliance","description":"En cumplimiento con el deber de informaci\u00f3n recogido en art\u00edculo 10 de la Ley 34\/2002, de 11 de Julio, de Servicios de la Sociedad de la Informaci\u00f3n","robots":{"index":"noindex","follow":"nofollow"},"og_locale":"es_ES","og_type":"article","og_title":"Aviso legal - Bonatti Compliance","og_description":"En cumplimiento con el deber de informaci\u00f3n recogido en art\u00edculo 10 de la Ley 34\/2002, de 11 de Julio, de Servicios de la Sociedad de la Informaci\u00f3n","og_url":"https:\/\/compliancebonatti.com\/compliance\/aviso-legal\/","og_site_name":"Bonatti Compliance","article_publisher":"https:\/\/www.facebook.com\/Bonatti-Compliance-106175060726551\/","article_modified_time":"2021-11-29T09:14:04+00:00","twitter_card":"summary_large_image","twitter_site":"@BonattiComply","twitter_misc":{"Tiempo de lectura":"12 minutos"},"schema":{"@context":"https:\/\/schema.org","@graph":[{"@type":"WebPage","@id":"https:\/\/compliancebonatti.com\/compliance\/aviso-legal\/","url":"https:\/\/compliancebonatti.com\/compliance\/aviso-legal\/","name":"Aviso legal - Bonatti Compliance","isPartOf":{"@id":"https:\/\/compliancebonatti.com\/compliance\/#website"},"datePublished":"2019-07-09T16:09:28+00:00","dateModified":"2021-11-29T09:14:04+00:00","description":"En cumplimiento con el deber de informaci\u00f3n recogido en art\u00edculo 10 de la Ley 34\/2002, de 11 de Julio, de Servicios de la Sociedad de la Informaci\u00f3n","breadcrumb":{"@id":"https:\/\/compliancebonatti.com\/compliance\/aviso-legal\/#breadcrumb"},"inLanguage":"es","potentialAction":[{"@type":"ReadAction","target":["https:\/\/compliancebonatti.com\/compliance\/aviso-legal\/"]}]},{"@type":"BreadcrumbList","@id":"https:\/\/compliancebonatti.com\/compliance\/aviso-legal\/#breadcrumb","itemListElement":[{"@type":"ListItem","position":1,"name":"Portada","item":"https:\/\/compliancebonatti.com\/compliance\/"},{"@type":"ListItem","position":2,"name":"Aviso legal"}]},{"@type":"WebSite","@id":"https:\/\/compliancebonatti.com\/compliance\/#website","url":"https:\/\/compliancebonatti.com\/compliance\/","name":"Bonatti Compliance","description":"Consultor\u00eda Compliance para empresas","publisher":{"@id":"https:\/\/compliancebonatti.com\/compliance\/#organization"},"potentialAction":[{"@type":"SearchAction","target":{"@type":"EntryPoint","urlTemplate":"https:\/\/compliancebonatti.com\/compliance\/?s={search_term_string}"},"query-input":{"@type":"PropertyValueSpecification","valueRequired":true,"valueName":"search_term_string"}}],"inLanguage":"es"},{"@type":"Organization","@id":"https:\/\/compliancebonatti.com\/compliance\/#organization","name":"Bonatti Compliance SLP","url":"https:\/\/compliancebonatti.com\/compliance\/","logo":{"@type":"ImageObject","inLanguage":"es","@id":"https:\/\/compliancebonatti.com\/compliance\/#\/schema\/logo\/image\/","url":"https:\/\/compliancebonatti.com\/compliance\/wp-content\/uploads\/2019\/06\/bonatti-compliance-logo-1.png","contentUrl":"https:\/\/compliancebonatti.com\/compliance\/wp-content\/uploads\/2019\/06\/bonatti-compliance-logo-1.png","width":600,"height":40,"caption":"Bonatti Compliance SLP"},"image":{"@id":"https:\/\/compliancebonatti.com\/compliance\/#\/schema\/logo\/image\/"},"sameAs":["https:\/\/www.facebook.com\/Bonatti-Compliance-106175060726551\/","https:\/\/x.com\/BonattiComply","https:\/\/www.instagram.com\/bonatticompliance\/","https:\/\/www.linkedin.com\/company\/bonatti-compliance\/about\/"]}]}},"_links":{"self":[{"href":"https:\/\/compliancebonatti.com\/compliance\/wp-json\/wp\/v2\/pages\/166"}],"collection":[{"href":"https:\/\/compliancebonatti.com\/compliance\/wp-json\/wp\/v2\/pages"}],"about":[{"href":"https:\/\/compliancebonatti.com\/compliance\/wp-json\/wp\/v2\/types\/page"}],"author":[{"embeddable":true,"href":"https:\/\/compliancebonatti.com\/compliance\/wp-json\/wp\/v2\/users\/1"}],"replies":[{"embeddable":true,"href":"https:\/\/compliancebonatti.com\/compliance\/wp-json\/wp\/v2\/comments?post=166"}],"version-history":[{"count":6,"href":"https:\/\/compliancebonatti.com\/compliance\/wp-json\/wp\/v2\/pages\/166\/revisions"}],"predecessor-version":[{"id":1133,"href":"https:\/\/compliancebonatti.com\/compliance\/wp-json\/wp\/v2\/pages\/166\/revisions\/1133"}],"wp:attachment":[{"href":"https:\/\/compliancebonatti.com\/compliance\/wp-json\/wp\/v2\/media?parent=166"}],"curies":[{"name":"wp","href":"https:\/\/api.w.org\/{rel}","templated":true}]}}