{"id":170,"date":"2019-07-09T18:09:47","date_gmt":"2019-07-09T16:09:47","guid":{"rendered":"https:\/\/compliancebonatti.com\/compliance\/?page_id=170"},"modified":"2021-11-29T10:14:19","modified_gmt":"2021-11-29T09:14:19","slug":"politica-de-cookies","status":"publish","type":"page","link":"https:\/\/compliancebonatti.com\/compliance\/politica-de-cookies\/","title":{"rendered":"Pol\u00edtica de cookies"},"content":{"rendered":"\t<section class=\"section\" id=\"section_231938011\">\n\t\t<div class=\"bg section-bg fill bg-fill  bg-loaded\" >\n\n\t\t\t\n\t\t\t\n\t\t\t\n\n\t\t<\/div>\n\n\t\t\n\n\t\t<div class=\"section-content relative\">\n\t\t\t\n<div class=\"row row-collapse\"  id=\"row-301679431\">\n\n\t<div id=\"col-1069085248\" class=\"col small-12 large-12\"  >\n\t\t\t\t<div class=\"col-inner\"  >\n\t\t\t\n\t\t\t\n<h1 data-text-color=\"secondary\">Pol\u00edtica de cookies<\/h1>\n\t\t<\/div>\n\t\t\t\t\t<\/div>\n\n\t\n<\/div>\n\t\t<\/div>\n\n\t\t\n<style>\n#section_231938011 {\n  padding-top: 30px;\n  padding-bottom: 30px;\n  background-color: #a12742;\n}\n<\/style>\n\t<\/section>\n\t\n<div class=\"row\"  id=\"row-100934970\">\n\n\t<div id=\"col-1833474163\" class=\"col small-12 large-12\"  >\n\t\t\t\t<div class=\"col-inner\"  >\n\t\t\t\n\t\t\t\n<p>En cumplimiento con el deber de informaci\u00f3n recogido en el apartado 2\u00ba del art\u00edculo 22 de la Ley 34\/2002, de 11 de Julio, de Servicios de la Sociedad de la Informaci\u00f3n y del Comercio Electr\u00f3nico, la presente pol\u00edtica de cookies tiene por finalidad informarle de manera clara y precisa sobre las cookies que se utilizan en la p\u00e1gina web de BONATTI COMPLIANCE SLP (C.I.F. N\u00ba B B66759168 &#8211; Tel\u00e9fono: +34 637 739 609).<\/p>\n<p>Los datos proporcionados mediante la cumplimentaci\u00f3n de cualquier formulario o registro electr\u00f3nico que aparezca en este sitio web, as\u00ed como aquellos datos a los que BONATTI COMPLIANCE SLP. pudiera acceder como consecuencia de su navegaci\u00f3n, ser\u00e1n recogidos en uno o varios ficheros titularidad de la misma, ante la que podr\u00e1 ejercitar los derechos de acceso, rectificaci\u00f3n, supresi\u00f3n y olvido, limitaci\u00f3n al tratamiento, oposici\u00f3n, portabilidad y a no ser objeto de decisiones basadas \u00fanicamente en el tratamiento automatizado de datos. Todo ello dirigiendo solicitud firmada por escrito a la direcci\u00f3n Travessera de Gr\u00e1cia, 18 Sobre \u00c1tico 1\u00aa &#8211; 08021 Barcelona, incluyendo copia de su DNI u otro documento identificativo equivalente. <em>(Puede ver nuestra Pol\u00edtica de Privacidad en esta misma p\u00e1gina web)<\/em><\/p>\n<p><strong>\u00bfQu\u00e9 son las cookies?<\/strong><\/p>\n<p>Las cookies son archivos que se pueden descargar en su equipo a trav\u00e9s de las p\u00e1ginas web. Son herramientas que tienen un papel esencial para la prestaci\u00f3n de numerosos servicios de la sociedad de la informaci\u00f3n. Entre otros, permiten a una p\u00e1gina web almacenar y recuperar informaci\u00f3n sobre los h\u00e1bitos de navegaci\u00f3n de un usuario o de su equipo y, dependiendo de la informaci\u00f3n obtenida, se pueden utilizar para reconocer al usuario y mejorar el servicio ofrecido.<\/p>\n<p><strong>Tipos de cookies<\/strong><\/p>\n<p>Seg\u00fan quien sea la entidad que gestione el dominio desde donde se env\u00edan las cookies y trate los datos que se obtengan se pueden distinguir dos tipos:<\/p>\n<ul>\n<li>Cookies propias: aqu\u00e9llas que se env\u00edan al equipo terminal del usuario desde un equipo o dominio gestionado por el propio editor y desde el que se presta el servicio solicitado por el usuario.<\/li>\n<li>Cookies de terceros: aqu\u00e9llas que se env\u00edan al equipo terminal del usuario desde un equipo o dominio que no es gestionado por el editor, sino por otra entidad que trata los datos obtenidos trav\u00e9s de las cookies.<\/li>\n<\/ul>\n<p>En el caso de que las cookies sean instaladas desde un equipo o dominio gestionado por el propio editor pero la informaci\u00f3n que se recoja mediante \u00e9stas sea gestionada por un tercero, no pueden ser consideradas como cookies propias.<\/p>\n<p>Existe tambi\u00e9n una segunda clasificaci\u00f3n seg\u00fan el plazo de tiempo que permanecen almacenadas en el navegador del cliente, pudiendo tratarse de:<\/p>\n<ul>\n<li>Cookies de sesi\u00f3n: dise\u00f1adas para recabar y almacenar datos mientras el usuario accede a una p\u00e1gina web. Se suelen emplear para almacenar informaci\u00f3n que solo interesa conservar para la prestaci\u00f3n del servicio solicitado por el usuario en una sola ocasi\u00f3n (p.e. una lista de productos adquiridos).<\/li>\n<li>Cookies persistentes: los datos siguen almacenados en el terminal y pueden ser accedidos y tratados durante un periodo definido por el responsable de la cookie, y que puede ir de unos minutos a varios a\u00f1os.<\/li>\n<\/ul>\n<p>Por \u00faltimo, existe otra clasificaci\u00f3n con cinco tipos de cookies seg\u00fan la finalidad para la que se traten los datos obtenidos:<\/p>\n<ul>\n<li>Cookies t\u00e9cnicas: aquellas que permiten al usuario la navegaci\u00f3n a trav\u00e9s de una p\u00e1gina web,<\/li>\n<li>plataforma o aplicaci\u00f3n y la utilizaci\u00f3n de las diferentes opciones o servicios que en ella existan como, por ejemplo, controlar el tr\u00e1fico y la comunicaci\u00f3n de datos, identificar la sesi\u00f3n, acceder a partes de acceso restringido, recordar los elementos que integran un pedido, realizar el proceso de compra de un pedido, realizar la solicitud de inscripci\u00f3n o participaci\u00f3n en un evento, utilizar elementos de seguridad durante la navegaci\u00f3n, almacenar contenidos para la difusi\u00f3n de v\u00eddeos o sonido o compartir contenidos a trav\u00e9s de redes sociales.<\/li>\n<li>Cookies de personalizaci\u00f3n: permiten al usuario acceder al servicio con algunas caracter\u00edsticas de car\u00e1cter general predefinidas en funci\u00f3n de una serie de criterios en el terminal del usuario como por ejemplo serian el idioma, el tipo de navegador a trav\u00e9s del cual accede al servicio, la configuraci\u00f3n regional desde donde accede al servicio, etc.<\/li>\n<li>Cookies de an\u00e1lisis: permiten al responsable de las mismas, el seguimiento y an\u00e1lisis del comportamiento de los usuarios de los sitios web a los que est\u00e1n vinculadas. La informaci\u00f3n recogida mediante este tipo de cookies se utiliza en la medici\u00f3n de la actividad de los sitios web, aplicaci\u00f3n o plataforma y para la elaboraci\u00f3n de perfiles de navegaci\u00f3n de los usuarios de dichos sitios, aplicaciones y plataformas, con el fin de introducir mejoras en funci\u00f3n del an\u00e1lisis de los datos de uso que hacen los usuarios del servicio.<\/li>\n<li>Cookies publicitarias: permiten la gesti\u00f3n, de la forma m\u00e1s eficaz posible, de los espacios publicitarios.<\/li>\n<li>Cookies de publicidad comportamental: almacenan informaci\u00f3n del comportamiento de los usuarios obtenida a trav\u00e9s de la observaci\u00f3n continuada de sus h\u00e1bitos de navegaci\u00f3n, lo que permite desarrollar un perfil espec\u00edfico para mostrar publicidad en funci\u00f3n del mismo.<\/li>\n<li>Cookies de redes sociales externas: se utilizan para que los visitantes puedan interactuar con el contenido de diferentes plataformas sociales (facebook, youtube, twitter, linkedIn, etc..) y que se generen \u00fanicamente para los usuarios de dichas redes sociales. Las condiciones de utilizaci\u00f3n de estas cookies y la informaci\u00f3n recopilada se regula por la pol\u00edtica de privacidad de la plataforma social correspondiente.<\/li>\n<\/ul>\n<p><strong>Desactivaci\u00f3n y eliminaci\u00f3n de cookies. Como modificar la configuraci\u00f3n de las cookies<\/strong><\/p>\n<p>Tiene la opci\u00f3n de permitir, bloquear o eliminar las cookies instaladas en tu equipo mediante la configuraci\u00f3n de las opciones del navegador instalado en su equipo. Al desactivar cookies, algunos de los servicios disponibles podr\u00edan dejar de estar operativos. La forma de deshabilitar las cookies es diferente para cada navegador, pero normalmente puede hacerse desde el men\u00fa Herramientas u Opciones. Tambi\u00e9n puede consultarse el men\u00fa de Ayuda del navegador d\u00f3nde puedes encontrar instrucciones.<\/p>\n<p>El usuario podr\u00e1 en cualquier momento elegir qu\u00e9 cookies quiere que funcionen en este sitio web.<\/p>\n<p>Puede usted permitir, bloquear o eliminar las cookies instaladas en su equipo mediante la configuraci\u00f3n de las opciones del navegador instalado en su ordenador:<\/p>\n<ul>\n<li>Microsoft Internet Explorer o Microsoft Edge:<br \/>\n<a href=\"https:\/\/support.microsoft.com\/es-es\/help\/278835\/how-to-delete-cookie-files-in-internet-explorer\">https:\/\/support.microsoft.com\/es-es\/help\/278835\/how-to-delete-cookie-files-in-internet-explorer<\/a><br \/>\n<a href=\"http:\/\/windows.microsoft.com\/es-es\/windows-vista\/Block-or-allow-cookies\">http:\/\/windows.microsoft.com\/es-es\/windows-vista\/Block-or-allow-cookies<\/a><\/li>\n<li>Mozilla Firefox:<br \/>\n<a href=\"https:\/\/support.mozilla.org\/es\/kb\/habilitar-y-deshabilitar-cookies-sitios-web-rastrear-preferencias\">https:\/\/support.mozilla.org\/es\/kb\/habilitar-y-deshabilitar-cookies-sitios-web-rastrear-preferencias<\/a><br \/>\n<a href=\"http:\/\/support.mozilla.org\/es\/kb\/impedir-que-los-sitios-web-guarden-sus-preferencia\">http:\/\/support.mozilla.org\/es\/kb\/impedir-que-los-sitios-web-guarden-sus-preferencia<\/a><\/li>\n<li>Google Chrome:<br \/>\n<a href=\"https:\/\/support.google.com\/chrome\/answer\/95647?co=GENIE.Platform%3DDesktop&amp;hl=es\">https:\/\/support.google.com\/chrome\/answer\/95647?co=GENIE.Platform%3DDesktop&amp;hl=es<\/a><br \/>\n<a href=\"https:\/\/support.google.com\/accounts\/answer\/61416?hl=es\">https:\/\/support.google.com\/accounts\/answer\/61416?hl=es<\/a><\/li>\n<li>Safari:<br \/>\n<a href=\"https:\/\/support.apple.com\/es-es\/guide\/safari\/sfri11471\/mac\">https:\/\/support.apple.com\/es-es\/guide\/safari\/sfri11471\/mac<\/a><br \/>\n<a href=\"http:\/\/safari.helpmax.net\/es\/privacidad-y-seguridad\/como-gestionar-las-cookies\/\">http:\/\/safari.helpmax.net\/es\/privacidad-y-seguridad\/como-gestionar-las-cookies\/<\/a><\/li>\n<li>Opera:<br \/>\n<a href=\"http:\/\/help.opera.com\/Linux\/10.60\/es-ES\/cookies.html\">http:\/\/help.opera.com\/Linux\/10.60\/es-ES\/cookies.html<\/a><\/li>\n<\/ul>\n<p>Adem\u00e1s, tambi\u00e9n puede gestionar el almac\u00e9n de cookies en su navegador a trav\u00e9s de herramientas como las siguientes<\/p>\n<ul>\n<li>Ghostery: www.ghostery.com\/<\/li>\n<li>Your online choices: <a href=\"http:\/\/www.youronlinechoices.com\/es\/\">www.youronlinechoices.com\/es\/<\/a><\/li>\n<\/ul>\n<p>Es posible que al deshabilitar las cookies la p\u00e1gina web no funcione correctamente o no pueda acceder a determinadas funciones de la misma<\/p>\n<p><strong>Cookies utilizadas en www.compliancebonatti.com<\/strong><\/p>\n<p>A trav\u00e9s de la p\u00e1gina web de BONATTI COMPLIANCE no se recoge ning\u00fan dato personal sin el conocimiento de los usuarios, ni se ceden a terceros. \u00fanicamente utiliza Google Analytics, un servicio anal\u00edtico de Web prestado por Google, Inc., una compa\u00f1\u00eda de Delaware cuya oficina principal est\u00e1 en 1600 Amphitheatre Parkway, Mountain View (California), CA 94043, Estados Unidos (\u201cGoogle\u201d). Para ello, se sirve de cookies (peque\u00f1os ficheros de datos que se generan en el ordenador del usuario con la finalidad de permitirle optimizar la navegaci\u00f3n, adecuar el dise\u00f1o de la p\u00e1gina y mejorar sus contenidos) con el fin \u00faltimo de que los usuarios obtengan un servicio m\u00e1s satisfactorio.<\/p>\n<p>Procedencia: Google Analytics<br \/>\nNombre: __utm __utmb __utmz<\/p>\n<p>Finalidad: Recaban informaci\u00f3n an\u00f3nima sobre las veces que visita el sitio un usuario, calculan el inicio de la sesi\u00f3n, registran el origen de las visitas y otros datos estad\u00edsticos similares.<\/p>\n<p>Puede encontrar m\u00e1s informaci\u00f3n al respecto e inhabilitar el uso de estas cookies en <a href=\"https:\/\/www.google.com\/intl\/es_es\/policies\/privacy\/\">https:\/\/www.google.com\/intl\/es_es\/policies\/privacy\/<\/a><\/p>\n<p><strong>Aceptaci\u00f3n de la Pol\u00edtica de cookies<\/strong><\/p>\n<p>www.compliancebonatti.com asume que usted acepta el uso de cookies. No obstante, muestra informaci\u00f3n sobre su Pol\u00edtica de cookies en la parte inferior o superior de cualquier p\u00e1gina del portal con cada inicio de sesi\u00f3n con el objeto de que usted sea consciente.<\/p>\n<p>Ante esta informaci\u00f3n es posible llevar a cabo las siguientes acciones:<\/p>\n<ul>\n<li>Aceptar cookies. No se volver\u00e1 a visualizar este aviso al acceder a cualquier p\u00e1gina del portal durante la<\/li>\n<li>presente sesi\u00f3n.<\/li>\n<li>Se oculta el aviso en la presente p\u00e1gina.<\/li>\n<li>Modificar su configuraci\u00f3n.<\/li>\n<\/ul>\n<p><strong>Modificaci\u00f3n de las condiciones<\/strong><\/p>\n<p>BONATTI COMPLIANCE SLP se reserva expresamente el derecho a modificar unilateralmente, total o parcialmente, sin necesidad de previo aviso, la presente Pol\u00edtica de Cookies. El usuario reconoce y acepta que es su responsabilidad revisar la presente Pol\u00edtica de Cookies.<\/p>\n\t\t<\/div>\n\t\t\t\t\t<\/div>\n\n\t\n<\/div>\n","protected":false},"excerpt":{"rendered":"","protected":false},"author":1,"featured_media":0,"parent":0,"menu_order":0,"comment_status":"closed","ping_status":"closed","template":"page-blank.php","meta":{"_acf_changed":false,"footnotes":""},"class_list":["post-170","page","type-page","status-publish","hentry"],"acf":[],"yoast_head":"<!-- This site is optimized with the Yoast SEO plugin v23.4 - https:\/\/yoast.com\/wordpress\/plugins\/seo\/ -->\n<title>Pol\u00edtica de cookies - Bonatti Compliance<\/title>\n<meta name=\"description\" content=\"En cumplimiento con el deber de informaci\u00f3n recogido en el apartado 2\u00ba del art\u00edculo 22 de la Ley 34\/2002, de 11 de Julio,\" \/>\n<meta name=\"robots\" content=\"noindex, nofollow\" \/>\n<meta property=\"og:locale\" content=\"es_ES\" \/>\n<meta property=\"og:type\" content=\"article\" \/>\n<meta property=\"og:title\" content=\"Pol\u00edtica de cookies - Bonatti Compliance\" \/>\n<meta property=\"og:description\" content=\"En cumplimiento con el deber de informaci\u00f3n recogido en el apartado 2\u00ba del art\u00edculo 22 de la Ley 34\/2002, de 11 de Julio,\" \/>\n<meta property=\"og:url\" content=\"https:\/\/compliancebonatti.com\/compliance\/politica-de-cookies\/\" \/>\n<meta property=\"og:site_name\" content=\"Bonatti Compliance\" \/>\n<meta property=\"article:publisher\" content=\"https:\/\/www.facebook.com\/Bonatti-Compliance-106175060726551\/\" \/>\n<meta property=\"article:modified_time\" content=\"2021-11-29T09:14:19+00:00\" \/>\n<meta name=\"twitter:card\" content=\"summary_large_image\" \/>\n<meta name=\"twitter:site\" content=\"@BonattiComply\" \/>\n<meta name=\"twitter:label1\" content=\"Tiempo de lectura\" \/>\n\t<meta name=\"twitter:data1\" content=\"8 minutos\" \/>\n<script type=\"application\/ld+json\" class=\"yoast-schema-graph\">{\"@context\":\"https:\/\/schema.org\",\"@graph\":[{\"@type\":\"WebPage\",\"@id\":\"https:\/\/compliancebonatti.com\/compliance\/politica-de-cookies\/\",\"url\":\"https:\/\/compliancebonatti.com\/compliance\/politica-de-cookies\/\",\"name\":\"Pol\u00edtica de cookies - Bonatti Compliance\",\"isPartOf\":{\"@id\":\"https:\/\/compliancebonatti.com\/compliance\/#website\"},\"datePublished\":\"2019-07-09T16:09:47+00:00\",\"dateModified\":\"2021-11-29T09:14:19+00:00\",\"description\":\"En cumplimiento con el deber de informaci\u00f3n recogido en el apartado 2\u00ba del art\u00edculo 22 de la Ley 34\/2002, de 11 de Julio,\",\"breadcrumb\":{\"@id\":\"https:\/\/compliancebonatti.com\/compliance\/politica-de-cookies\/#breadcrumb\"},\"inLanguage\":\"es\",\"potentialAction\":[{\"@type\":\"ReadAction\",\"target\":[\"https:\/\/compliancebonatti.com\/compliance\/politica-de-cookies\/\"]}]},{\"@type\":\"BreadcrumbList\",\"@id\":\"https:\/\/compliancebonatti.com\/compliance\/politica-de-cookies\/#breadcrumb\",\"itemListElement\":[{\"@type\":\"ListItem\",\"position\":1,\"name\":\"Portada\",\"item\":\"https:\/\/compliancebonatti.com\/compliance\/\"},{\"@type\":\"ListItem\",\"position\":2,\"name\":\"Pol\u00edtica de cookies\"}]},{\"@type\":\"WebSite\",\"@id\":\"https:\/\/compliancebonatti.com\/compliance\/#website\",\"url\":\"https:\/\/compliancebonatti.com\/compliance\/\",\"name\":\"Bonatti Compliance\",\"description\":\"Consultor\u00eda Compliance para empresas\",\"publisher\":{\"@id\":\"https:\/\/compliancebonatti.com\/compliance\/#organization\"},\"potentialAction\":[{\"@type\":\"SearchAction\",\"target\":{\"@type\":\"EntryPoint\",\"urlTemplate\":\"https:\/\/compliancebonatti.com\/compliance\/?s={search_term_string}\"},\"query-input\":{\"@type\":\"PropertyValueSpecification\",\"valueRequired\":true,\"valueName\":\"search_term_string\"}}],\"inLanguage\":\"es\"},{\"@type\":\"Organization\",\"@id\":\"https:\/\/compliancebonatti.com\/compliance\/#organization\",\"name\":\"Bonatti Compliance SLP\",\"url\":\"https:\/\/compliancebonatti.com\/compliance\/\",\"logo\":{\"@type\":\"ImageObject\",\"inLanguage\":\"es\",\"@id\":\"https:\/\/compliancebonatti.com\/compliance\/#\/schema\/logo\/image\/\",\"url\":\"https:\/\/compliancebonatti.com\/compliance\/wp-content\/uploads\/2019\/06\/bonatti-compliance-logo-1.png\",\"contentUrl\":\"https:\/\/compliancebonatti.com\/compliance\/wp-content\/uploads\/2019\/06\/bonatti-compliance-logo-1.png\",\"width\":600,\"height\":40,\"caption\":\"Bonatti Compliance SLP\"},\"image\":{\"@id\":\"https:\/\/compliancebonatti.com\/compliance\/#\/schema\/logo\/image\/\"},\"sameAs\":[\"https:\/\/www.facebook.com\/Bonatti-Compliance-106175060726551\/\",\"https:\/\/x.com\/BonattiComply\",\"https:\/\/www.instagram.com\/bonatticompliance\/\",\"https:\/\/www.linkedin.com\/company\/bonatti-compliance\/about\/\"]}]}<\/script>\n<!-- \/ Yoast SEO plugin. -->","yoast_head_json":{"title":"Pol\u00edtica de cookies - Bonatti Compliance","description":"En cumplimiento con el deber de informaci\u00f3n recogido en el apartado 2\u00ba del art\u00edculo 22 de la Ley 34\/2002, de 11 de Julio,","robots":{"index":"noindex","follow":"nofollow"},"og_locale":"es_ES","og_type":"article","og_title":"Pol\u00edtica de cookies - Bonatti Compliance","og_description":"En cumplimiento con el deber de informaci\u00f3n recogido en el apartado 2\u00ba del art\u00edculo 22 de la Ley 34\/2002, de 11 de Julio,","og_url":"https:\/\/compliancebonatti.com\/compliance\/politica-de-cookies\/","og_site_name":"Bonatti Compliance","article_publisher":"https:\/\/www.facebook.com\/Bonatti-Compliance-106175060726551\/","article_modified_time":"2021-11-29T09:14:19+00:00","twitter_card":"summary_large_image","twitter_site":"@BonattiComply","twitter_misc":{"Tiempo de lectura":"8 minutos"},"schema":{"@context":"https:\/\/schema.org","@graph":[{"@type":"WebPage","@id":"https:\/\/compliancebonatti.com\/compliance\/politica-de-cookies\/","url":"https:\/\/compliancebonatti.com\/compliance\/politica-de-cookies\/","name":"Pol\u00edtica de cookies - Bonatti Compliance","isPartOf":{"@id":"https:\/\/compliancebonatti.com\/compliance\/#website"},"datePublished":"2019-07-09T16:09:47+00:00","dateModified":"2021-11-29T09:14:19+00:00","description":"En cumplimiento con el deber de informaci\u00f3n recogido en el apartado 2\u00ba del art\u00edculo 22 de la Ley 34\/2002, de 11 de Julio,","breadcrumb":{"@id":"https:\/\/compliancebonatti.com\/compliance\/politica-de-cookies\/#breadcrumb"},"inLanguage":"es","potentialAction":[{"@type":"ReadAction","target":["https:\/\/compliancebonatti.com\/compliance\/politica-de-cookies\/"]}]},{"@type":"BreadcrumbList","@id":"https:\/\/compliancebonatti.com\/compliance\/politica-de-cookies\/#breadcrumb","itemListElement":[{"@type":"ListItem","position":1,"name":"Portada","item":"https:\/\/compliancebonatti.com\/compliance\/"},{"@type":"ListItem","position":2,"name":"Pol\u00edtica de cookies"}]},{"@type":"WebSite","@id":"https:\/\/compliancebonatti.com\/compliance\/#website","url":"https:\/\/compliancebonatti.com\/compliance\/","name":"Bonatti Compliance","description":"Consultor\u00eda Compliance para empresas","publisher":{"@id":"https:\/\/compliancebonatti.com\/compliance\/#organization"},"potentialAction":[{"@type":"SearchAction","target":{"@type":"EntryPoint","urlTemplate":"https:\/\/compliancebonatti.com\/compliance\/?s={search_term_string}"},"query-input":{"@type":"PropertyValueSpecification","valueRequired":true,"valueName":"search_term_string"}}],"inLanguage":"es"},{"@type":"Organization","@id":"https:\/\/compliancebonatti.com\/compliance\/#organization","name":"Bonatti Compliance SLP","url":"https:\/\/compliancebonatti.com\/compliance\/","logo":{"@type":"ImageObject","inLanguage":"es","@id":"https:\/\/compliancebonatti.com\/compliance\/#\/schema\/logo\/image\/","url":"https:\/\/compliancebonatti.com\/compliance\/wp-content\/uploads\/2019\/06\/bonatti-compliance-logo-1.png","contentUrl":"https:\/\/compliancebonatti.com\/compliance\/wp-content\/uploads\/2019\/06\/bonatti-compliance-logo-1.png","width":600,"height":40,"caption":"Bonatti Compliance SLP"},"image":{"@id":"https:\/\/compliancebonatti.com\/compliance\/#\/schema\/logo\/image\/"},"sameAs":["https:\/\/www.facebook.com\/Bonatti-Compliance-106175060726551\/","https:\/\/x.com\/BonattiComply","https:\/\/www.instagram.com\/bonatticompliance\/","https:\/\/www.linkedin.com\/company\/bonatti-compliance\/about\/"]}]}},"_links":{"self":[{"href":"https:\/\/compliancebonatti.com\/compliance\/wp-json\/wp\/v2\/pages\/170"}],"collection":[{"href":"https:\/\/compliancebonatti.com\/compliance\/wp-json\/wp\/v2\/pages"}],"about":[{"href":"https:\/\/compliancebonatti.com\/compliance\/wp-json\/wp\/v2\/types\/page"}],"author":[{"embeddable":true,"href":"https:\/\/compliancebonatti.com\/compliance\/wp-json\/wp\/v2\/users\/1"}],"replies":[{"embeddable":true,"href":"https:\/\/compliancebonatti.com\/compliance\/wp-json\/wp\/v2\/comments?post=170"}],"version-history":[{"count":5,"href":"https:\/\/compliancebonatti.com\/compliance\/wp-json\/wp\/v2\/pages\/170\/revisions"}],"predecessor-version":[{"id":472,"href":"https:\/\/compliancebonatti.com\/compliance\/wp-json\/wp\/v2\/pages\/170\/revisions\/472"}],"wp:attachment":[{"href":"https:\/\/compliancebonatti.com\/compliance\/wp-json\/wp\/v2\/media?parent=170"}],"curies":[{"name":"wp","href":"https:\/\/api.w.org\/{rel}","templated":true}]}}